{"id":2,"date":"2025-03-28T10:59:38","date_gmt":"2025-03-28T10:59:38","guid":{"rendered":"https:\/\/e99.tech\/vantage\/?page_id=2"},"modified":"2026-02-28T17:03:23","modified_gmt":"2026-02-28T17:03:23","slug":"servers","status":"publish","type":"page","link":"https:\/\/iam.dawid.ch\/pl\/servers\/","title":{"rendered":"Serwery"},"content":{"rendered":"\n<div style=\"text-indent:30px;text-align:justify;\"><strong>Serwery sieciowe<\/strong> jako w\u0119z\u0142y hostuj\u0105ce r\u00f3\u017cne us\u0142ugi stanowi\u0105 serce ka\u017cdego przedsi\u0119biorstwa. Niezale\u017cnie od rozmiaru prowadzonego biznesu wszyscy musimy korzysta\u0107 z us\u0142ug serwerowych. <mark style=\"background-color:rgba(0, 0, 0, 0);font-weight:550;color:#B76B54;\">Serwer Web, serwer poczty, serwer baz danych, ma\u0142e lub \u015brednie data-center<\/mark> &#8211; pomog\u0119 Ci \u015bwiadomie korzysta\u0107 z tych rozwi\u0105za\u0144 w pe\u0142nym zakresie i w praktyczny spos\u00f3b. \u015awietnie realizuje si\u0119 przy palnowaniu b\u0105d\u017a reorganizacji \u015brodowiska pracy. Przygotowuje te\u017c niezb\u0119dn\u0105 dokumentacj\u0119 techniczn\u0105.<\/div><\/br><strong>Przeprowadzam od podstaw instalacje, konfiguracje i zarz\u0105dzam dowolnym zasobem:<\/strong><br><li style=\"margin-left:15px;line-height:10px;\">serwery internetowe (HTTP, HTTPS, certyfikaty SSL)<\/li><li style=\"margin-left:15px;line-height:10px;\">serwery pocztowe (SMTP, POP3, IMAP, SPF, DKIM, DMARC, TLS\/SSL)<\/li><li style=\"margin-left:15px;line-height:10px;\">serwery baz danych (silnik MSSQL, MySQL, mariaDB, Postgre, Firebird)<\/li><li style=\"margin-left:15px;line-height:10px;\">serwery plik\u00f3w lub macierz danych (FTP, NFS, LVM, RAID, DRBD + Failover)<\/li><li style=\"margin-left:15px;line-height:10px;\">kontroler PDC (Active Directory), Microsoft SMB, us\u0142uga katalogowa LDAP oraz Samba<\/li><li style=\"margin-left:15px;line-height:10px;\">inne us\u0142ugi sieciowe (Firewall, DNS, DHCP, SSH, PKI, klucze i certyfikaty)<\/li><\/br>Projektuje i przygotowuje \u015brodowiska pracy, buduje kompletne systemy i rozwi\u0105zania sieciowe, pomagam w projektowaniu polityki bezpiecze\u0144stwa. <strong>Realizuje instalacje pojedynczych serwer\u00f3w jak i klastry danych<\/strong>. Podejmuje si\u0119 typowych konfiguracji us\u0142ug sieciowych, jak i r\u00f3wnie\u017c realizuje nietypowe scenariusze zwi\u0105zane ze specyficznymi potrzebami klienta. Oddaje gotowy w pe\u0142ni funkcjonany produkt do u\u017cytku. Realizuje prace na platformach Microsoft Windows oraz Linux.<br>\nW zale\u017cno\u015bci od \u015brodowiska pracy staram si\u0119 budowa\u0107 na platformach <strong>Rocky, Gentoo, RedHat, Debian.<\/strong><\/br>Moja osobista preferencja to <mark style=\"background-color:rgba(0, 0, 0, 0);font-weight:550;color:#B76B54;\">Slackware<\/mark> ze wzgl\u0119du na czysto\u015b\u0107, integralno\u015b\u0107 i blizko\u015b\u0107 do pratform Unix.<\/br>\n","protected":false},"excerpt":{"rendered":"<p>Serwery sieciowe jako w\u0119z\u0142y hostuj\u0105ce r\u00f3\u017cne us\u0142ugi stanowi\u0105 serce ka\u017cdego przedsi\u0119biorstwa. Niezale\u017cnie od rozmiaru prowadzonego biznesu wszyscy musimy korzysta\u0107 z us\u0142ug serwerowych. Serwer Web, serwer poczty, serwer baz danych, ma\u0142e lub \u015brednie data-center &#8211; pomog\u0119 Ci \u015bwiadomie korzysta\u0107 z tych rozwi\u0105za\u0144 w pe\u0142nym zakresie i w praktyczny spos\u00f3b. \u015awietnie realizuje si\u0119 przy palnowaniu b\u0105d\u017a reorganizacji [&hellip;]<\/p>\n","protected":false},"author":1,"featured_media":0,"parent":0,"menu_order":1,"comment_status":"closed","ping_status":"closed","template":"","meta":{"footnotes":""},"class_list":["post-2","page","type-page","status-publish","hentry","post"],"_links":{"self":[{"href":"https:\/\/iam.dawid.ch\/pl\/wp-json\/wp\/v2\/pages\/2","targetHints":{"allow":["GET"]}}],"collection":[{"href":"https:\/\/iam.dawid.ch\/pl\/wp-json\/wp\/v2\/pages"}],"about":[{"href":"https:\/\/iam.dawid.ch\/pl\/wp-json\/wp\/v2\/types\/page"}],"author":[{"embeddable":true,"href":"https:\/\/iam.dawid.ch\/pl\/wp-json\/wp\/v2\/users\/1"}],"replies":[{"embeddable":true,"href":"https:\/\/iam.dawid.ch\/pl\/wp-json\/wp\/v2\/comments?post=2"}],"version-history":[{"count":17,"href":"https:\/\/iam.dawid.ch\/pl\/wp-json\/wp\/v2\/pages\/2\/revisions"}],"predecessor-version":[{"id":120,"href":"https:\/\/iam.dawid.ch\/pl\/wp-json\/wp\/v2\/pages\/2\/revisions\/120"}],"wp:attachment":[{"href":"https:\/\/iam.dawid.ch\/pl\/wp-json\/wp\/v2\/media?parent=2"}],"curies":[{"name":"wp","href":"https:\/\/api.w.org\/{rel}","templated":true}]}}