{"id":19,"date":"2025-11-30T16:25:29","date_gmt":"2025-11-30T16:25:29","guid":{"rendered":"https:\/\/dawid.ch\/cv\/start\/?page_id=19"},"modified":"2026-02-28T17:59:48","modified_gmt":"2026-02-28T17:59:48","slug":"web-dev","status":"publish","type":"page","link":"https:\/\/iam.dawid.ch\/pl\/web-dev\/","title":{"rendered":"Web-Dev"},"content":{"rendered":"<div style=\"text-indent:30px;text-align:justify;\">Obecnie zar\u00f3wno e-Commerce jak i pozosta\u0142e modele biznesowe skoncentrowane s\u0105 wok\u00f3\u0142 <strong>rozwi\u0105za\u0144 chmurowych, system\u00f3w rozproszonych<\/strong> oraz aplikacji internetowych. Web Development obejmuje cz\u0119\u015b\u0107 rynku, w kt\u00f3rej ka\u017cdy chce mie\u0107 sw\u00f3j udzia\u0142. Potrzebujemy stron internetowych, narz\u0119dzi do komunikacji masowej oraz aplikacji web&#8217;owych szczeg\u00f3lnego przeznaczenia. Wymagania rosn\u0105 wprost proporcjonalnie do zagro\u017ce\u0144, kt\u00f3re niesie rynek. Nie jest \u0142atwo znale\u017a\u0107 balans po mi\u0119dzy tym co konieczne, potrzebne i zb\u0119dne b\u0105d\u017a nios\u0105ce ryzyko.<\/div>\n<p><strong>Doradzam i wspieram jako <mark style=\"background-color:rgba(0, 0, 0, 0);font-weight:550;color:#B76B54;\">Web Developer<\/mark> wykorzystuj\u0105c mi\u0119dzy innymi rozwi\u0105zania:<\/strong><\/br><\/p>\n<li style=\"margin-left:15px;line-height:10px;\">HTML, CSS, XML<\/li>\n<li style=\"margin-left:15px;line-height:10px;\">JavaScript, JSON, jQuery<\/li>\n<li style=\"margin-left:15px;line-height:10px;\">PHP + composer libs<\/li>\n<li style=\"margin-left:15px;line-height:10px;\">Python + framework: Flask, Django<\/li>\n<li style=\"margin-left:15px;line-height:10px;\">RestAPI<\/li>\n<p>Do wsp\u00f3\u0142pracy wystarczy mi twoja wizja i przeznaczenie portalu lub aplikacji web. Zrealizuje tw\u00f3j pomys\u0142 i zaprezentuje efekt. Pracuj\u0105c ze mn\u0105 masz dost\u0119p na \u017cywo do projektu na ka\u017cdym etapie prac. Mo\u017cesz wnosi\u0107 uwagi, ingerowa\u0107 w proces budowy aplikacji lub strony web.<\/p>\n","protected":false},"excerpt":{"rendered":"<p>Obecnie zar\u00f3wno e-Commerce jak i pozosta\u0142e modele biznesowe skoncentrowane s\u0105 wok\u00f3\u0142 rozwi\u0105za\u0144 chmurowych, system\u00f3w rozproszonych oraz aplikacji internetowych. Web Development obejmuje cz\u0119\u015b\u0107 rynku, w kt\u00f3rej ka\u017cdy chce mie\u0107 sw\u00f3j udzia\u0142. Potrzebujemy stron internetowych, narz\u0119dzi do komunikacji masowej oraz aplikacji web&#8217;owych szczeg\u00f3lnego przeznaczenia. Wymagania rosn\u0105 wprost proporcjonalnie do zagro\u017ce\u0144, kt\u00f3re niesie rynek. Nie jest \u0142atwo znale\u017a\u0107 [&hellip;]<\/p>\n","protected":false},"author":1,"featured_media":0,"parent":0,"menu_order":5,"comment_status":"closed","ping_status":"closed","template":"","meta":{"footnotes":""},"class_list":["post-19","page","type-page","status-publish","hentry","post"],"_links":{"self":[{"href":"https:\/\/iam.dawid.ch\/pl\/wp-json\/wp\/v2\/pages\/19","targetHints":{"allow":["GET"]}}],"collection":[{"href":"https:\/\/iam.dawid.ch\/pl\/wp-json\/wp\/v2\/pages"}],"about":[{"href":"https:\/\/iam.dawid.ch\/pl\/wp-json\/wp\/v2\/types\/page"}],"author":[{"embeddable":true,"href":"https:\/\/iam.dawid.ch\/pl\/wp-json\/wp\/v2\/users\/1"}],"replies":[{"embeddable":true,"href":"https:\/\/iam.dawid.ch\/pl\/wp-json\/wp\/v2\/comments?post=19"}],"version-history":[{"count":8,"href":"https:\/\/iam.dawid.ch\/pl\/wp-json\/wp\/v2\/pages\/19\/revisions"}],"predecessor-version":[{"id":125,"href":"https:\/\/iam.dawid.ch\/pl\/wp-json\/wp\/v2\/pages\/19\/revisions\/125"}],"wp:attachment":[{"href":"https:\/\/iam.dawid.ch\/pl\/wp-json\/wp\/v2\/media?parent=19"}],"curies":[{"name":"wp","href":"https:\/\/api.w.org\/{rel}","templated":true}]}}