{"id":15,"date":"2025-11-30T16:23:33","date_gmt":"2025-11-30T16:23:33","guid":{"rendered":"https:\/\/dawid.ch\/cv\/start\/?page_id=15"},"modified":"2026-02-28T17:49:30","modified_gmt":"2026-02-28T17:49:30","slug":"bezpieczenstwo","status":"publish","type":"page","link":"https:\/\/iam.dawid.ch\/pl\/bezpieczenstwo\/","title":{"rendered":"Bezpiecze\u0144stwo"},"content":{"rendered":"<div style=\"text-indent:30px;text-align:justify;\"><mark style=\"background-color:rgba(0, 0, 0, 0);font-weight:550;color:#B76B54;\">Bezpiecze\u0144stwo I.T. oraz ochrona danych<\/mark> stanowi\u0105 krytyczn\u0105 cz\u0119\u015b\u0107 wszystkich moich projekt\u00f3w i budowanych rozwi\u0105za\u0144. Ka\u017cdy powie\u017cony mi projekt realizowany jest w ramach <strong>federalnych standard\u00f3w przetwarzania danych<\/strong> i dobrej praktyki. Dane personalne, tajemnica firmowa, informacje niejawne &#8211; mog\u0105 dotyczy\u0107 bardzo r\u00f3\u017cnych obszar\u00f3w i aspekt\u00f3w zwi\u0105zanych z funkcojonowaniem firmy. W zale\u017cno\u015bci od przyj\u0119tej polityki krytyczne informacje podlegaj\u0105ce ochronie mog\u0105 obejmowa\u0107 zupe\u0142nie odmienne obszary. Generalne zasady, przyj\u0119te procedury, normy ISO oraz standardy FIPS &#8211; pomog\u0119 Ci zabezpieczy\u0107 i zorganizowa\u0107 twoje \u015brodowisko pracy. Przy z\u0142o\u017conych projektach cz\u0119sto opieram si\u0119 o dokumentacj\u0119 techniczn\u0105 FRC.<\/div>\n<p><strong>Ch\u0119tnie podziel\u0119 si\u0119 swoim do\u015bwiadczeniem w zakresie:<\/strong><\/br><\/p>\n<li style=\"margin-left:15px;line-height:10px;\">Audyt bezpiecze\u0144stwa i wywiad \u015brodowiskowy<\/li>\n<li style=\"margin-left:15px;line-height:10px;\">Polityka bezpiecze\u0144stwa informacji i polityka archiwizacji danych<\/li>\n<li style=\"margin-left:15px;line-height:10px;\">Tunelowanie i bezpieczna transmisja (VPN, TLS, SSL, SSH)<\/li>\n<li style=\"margin-left:15px;line-height:10px;\">Algorytmy szyfruj\u0105ce, certyfikaty, tokeny i klucze dost\u0119pu<\/li>\n<li style=\"margin-left:15px;line-height:10px;\">Szyfrowanie no\u015bnik\u00f3w danych i \u015brodowisk pracy<\/li>\n<li style=\"margin-left:15px;line-height:10px;\">W pe\u0142ni szyfrowana poczta email<\/li>\n<li style=\"margin-left:15px;line-height:10px;\">procedura Disaster Recovery<\/li>\n<p><\/br><mark style=\"background-color:rgba(0, 0, 0, 0);font-weight:550;color:#B76B54;\">Lojalno\u015b\u0107 oraz nieposzlakowana opinia<\/mark> to wym\u00f3g formalny tej roli. Wspieranie przy tego typu projektach jest wyr\u00f3\u017cnieniem i nawy\u017csz\u0105 form\u0105 zaufania. \u015awiadomo\u015b\u0107 tych zale\u017cno\u015bci jest kluczowa dla porozumienia i dobrej wspo\u0142pracy.<\/p>\n","protected":false},"excerpt":{"rendered":"<p>Bezpiecze\u0144stwo I.T. oraz ochrona danych stanowi\u0105 krytyczn\u0105 cz\u0119\u015b\u0107 wszystkich moich projekt\u00f3w i budowanych rozwi\u0105za\u0144. Ka\u017cdy powie\u017cony mi projekt realizowany jest w ramach federalnych standard\u00f3w przetwarzania danych i dobrej praktyki. Dane personalne, tajemnica firmowa, informacje niejawne &#8211; mog\u0105 dotyczy\u0107 bardzo r\u00f3\u017cnych obszar\u00f3w i aspekt\u00f3w zwi\u0105zanych z funkcojonowaniem firmy. W zale\u017cno\u015bci od przyj\u0119tej polityki krytyczne informacje podlegaj\u0105ce [&hellip;]<\/p>\n","protected":false},"author":1,"featured_media":0,"parent":0,"menu_order":3,"comment_status":"closed","ping_status":"closed","template":"","meta":{"footnotes":""},"class_list":["post-15","page","type-page","status-publish","hentry","post"],"_links":{"self":[{"href":"https:\/\/iam.dawid.ch\/pl\/wp-json\/wp\/v2\/pages\/15","targetHints":{"allow":["GET"]}}],"collection":[{"href":"https:\/\/iam.dawid.ch\/pl\/wp-json\/wp\/v2\/pages"}],"about":[{"href":"https:\/\/iam.dawid.ch\/pl\/wp-json\/wp\/v2\/types\/page"}],"author":[{"embeddable":true,"href":"https:\/\/iam.dawid.ch\/pl\/wp-json\/wp\/v2\/users\/1"}],"replies":[{"embeddable":true,"href":"https:\/\/iam.dawid.ch\/pl\/wp-json\/wp\/v2\/comments?post=15"}],"version-history":[{"count":7,"href":"https:\/\/iam.dawid.ch\/pl\/wp-json\/wp\/v2\/pages\/15\/revisions"}],"predecessor-version":[{"id":124,"href":"https:\/\/iam.dawid.ch\/pl\/wp-json\/wp\/v2\/pages\/15\/revisions\/124"}],"wp:attachment":[{"href":"https:\/\/iam.dawid.ch\/pl\/wp-json\/wp\/v2\/media?parent=15"}],"curies":[{"name":"wp","href":"https:\/\/api.w.org\/{rel}","templated":true}]}}