{"id":12,"date":"2025-11-30T16:14:31","date_gmt":"2025-11-30T16:14:31","guid":{"rendered":"https:\/\/dawid.ch\/cv\/start\/?page_id=12"},"modified":"2026-02-28T17:05:23","modified_gmt":"2026-02-28T17:05:23","slug":"programowanie","status":"publish","type":"page","link":"https:\/\/iam.dawid.ch\/pl\/programowanie\/","title":{"rendered":"Programowanie"},"content":{"rendered":"<div style=\"text-indent:30px;text-align:justify;\">Kodowanie stanowi cz\u0119\u015b\u0107 procesu pracy, zw\u0142aszcza je\u017celi wspieram projekt jako <strong>Infrastructure Engineer.<\/strong> Integracja \u015brodowisk pracy nierzadko sprowadza si\u0119 do budowania most\u00f3w \u0142\u0105cz\u0105cych oddzielne technologie. Mog\u0105 to by\u0107 proste narz\u0119dzia napisane w jezyku skryptowym lub te\u017c ze wzgl\u0119du na specyfike sytuacji narz\u0119dzia stworzone w j\u0119zyku wysokiego rz\u0119du. Nazywam to <mark style=\"background-color:rgba(0, 0, 0, 0);font-weight:550;color:#B76B54;\">Coding for Purpose<\/mark>, gdy\u017c wszystko co projektuje ma rozwi\u0105za\u0107 z g\u00f3ry okre\u015blony problem, kt\u00f3rego nie byli\u015bmy w stanie pokona\u0107 za pomoc\u0105 dost\u0119pnych rozwi\u0105za\u0144 na rynku.<\/div>\n<p><strong>Projektuje i koduje mi\u0119dzy innymi w nast\u0119puj\u0105cych \u015brodowiskach:<\/strong><\/p>\n<li style=\"margin-left:15px;line-height:10px;\">Microsoft PowerShell oraz pow\u0142oka Bash<\/li>\n<li style=\"margin-left:15px;line-height:10px;\">j\u0119zyk skryptowy Perl oraz Python<\/li>\n<li style=\"margin-left:15px;line-height:10px;\">C++ oraz Visual Basic<\/li>\n<div style=\"text-indent:30px;text-align:justify;\">Nie podejmuje si\u0119 du\u017cych i skomplikowanych projekt\u00f3w deweloperskich, gdzie jestem cz\u0119\u015bci\u0105 wi\u0119kszego zespo\u0142u. Akceptuje projekty, w kt\u00f3rych wyst\u0119puje w roli <mark style=\"background-color:rgba(0, 0, 0, 0);font-weight:550;color:#B76B54;\">Solution Designer<\/mark> oraz <mark style=\"background-color:rgba(0, 0, 0, 0);font-weight:550;color:#B76B54;\">Software Developer<\/mark> tylko w zakrese tworzonych \u015brodowisk pracy i nadzorowanych projekt\u00f3w.<\/div>\n","protected":false},"excerpt":{"rendered":"<p>Kodowanie stanowi cz\u0119\u015b\u0107 procesu pracy, zw\u0142aszcza je\u017celi wspieram projekt jako Infrastructure Engineer. Integracja \u015brodowisk pracy nierzadko sprowadza si\u0119 do budowania most\u00f3w \u0142\u0105cz\u0105cych oddzielne technologie. Mog\u0105 to by\u0107 proste narz\u0119dzia napisane w jezyku skryptowym lub te\u017c ze wzgl\u0119du na specyfike sytuacji narz\u0119dzia stworzone w j\u0119zyku wysokiego rz\u0119du. Nazywam to Coding for Purpose, gdy\u017c wszystko co projektuje [&hellip;]<\/p>\n","protected":false},"author":1,"featured_media":0,"parent":0,"menu_order":2,"comment_status":"closed","ping_status":"closed","template":"","meta":{"footnotes":""},"class_list":["post-12","page","type-page","status-publish","hentry","post"],"_links":{"self":[{"href":"https:\/\/iam.dawid.ch\/pl\/wp-json\/wp\/v2\/pages\/12","targetHints":{"allow":["GET"]}}],"collection":[{"href":"https:\/\/iam.dawid.ch\/pl\/wp-json\/wp\/v2\/pages"}],"about":[{"href":"https:\/\/iam.dawid.ch\/pl\/wp-json\/wp\/v2\/types\/page"}],"author":[{"embeddable":true,"href":"https:\/\/iam.dawid.ch\/pl\/wp-json\/wp\/v2\/users\/1"}],"replies":[{"embeddable":true,"href":"https:\/\/iam.dawid.ch\/pl\/wp-json\/wp\/v2\/comments?post=12"}],"version-history":[{"count":8,"href":"https:\/\/iam.dawid.ch\/pl\/wp-json\/wp\/v2\/pages\/12\/revisions"}],"predecessor-version":[{"id":121,"href":"https:\/\/iam.dawid.ch\/pl\/wp-json\/wp\/v2\/pages\/12\/revisions\/121"}],"wp:attachment":[{"href":"https:\/\/iam.dawid.ch\/pl\/wp-json\/wp\/v2\/media?parent=12"}],"curies":[{"name":"wp","href":"https:\/\/api.w.org\/{rel}","templated":true}]}}